{"id":233,"date":"2017-03-30T20:03:43","date_gmt":"2017-03-30T20:03:43","guid":{"rendered":"http:\/\/www.grupoascamp.mx\/index\/?page_id=233"},"modified":"2017-03-30T20:27:52","modified_gmt":"2017-03-30T20:27:52","slug":"aviso-de-privacidad","status":"publish","type":"page","link":"http:\/\/www.grupoascamp.mx\/index\/aviso-de-privacidad\/","title":{"rendered":"Aviso de Privacidad"},"content":{"rendered":"<p>&nbsp;<\/p>\n<p>Los datos personales (\u00abLos Datos\u00bb) solicitados, son tratados por GRUPO ASCAMP, \u00a0con la finalidad de brindarle el servicio que nos solicita, conocer sus necesidades de productos o servicios y estar en posibilidad de ofrecerle los que m\u00e1s se adecuen a sus preferencias, atender quejas y aclaraciones, y en su caso, tratarlos para fines compatibles con los mencionados en este Aviso de Privacidad y que se consideren an\u00e1logos para efectos legales. En caso de formalizar con Usted la aceptaci\u00f3n de alg\u00fan producto o servicio ofrecido por GRUPO ASCAMP, sus Datos ser\u00e1n utilizados para el cumplimiento de las obligaciones derivadas de esa relaci\u00f3n jur\u00eddica.<\/p>\n<p>Los Datos ser\u00e1n tratados de conformidad con la Ley Federal de Protecci\u00f3n de Datos Personales en Posesi\u00f3n de los Particulares y su Reglamento. La confidencialidad de los Datos est\u00e1 garantizada y los mismos est\u00e1n protegidos por medidas de seguridad administrativas, t\u00e9cnicas y f\u00edsicas, para evitar su da\u00f1o, p\u00e9rdida, alteraci\u00f3n, destrucci\u00f3n, uso, acceso o divulgaci\u00f3n indebida. \u00danicamente las personas autorizadas tendr\u00e1n acceso a sus Datos.<\/p>\n<p>En caso de existir alguna modificaci\u00f3n al presente Aviso de Privacidad se har\u00e1 de su conocimiento en nuestro sitio de Internet http:\/\/www.grupoascamp.mx. Podr\u00e1 ejercer los derechos de acceso, rectificaci\u00f3n, cancelaci\u00f3n u oposici\u00f3n al tratamiento de sus Datos, presentando su solicitud a trav\u00e9s del correo electr\u00f3nico: contacto@ascamp.com o por escrito dirigido al \u00e1rea de Operaciones a la direcci\u00f3n<\/p>\n<p>&nbsp;<\/p>\n<p>&nbsp;<\/p>\n<p>&nbsp;<\/p>\n","protected":false},"excerpt":{"rendered":"<p>&nbsp; Los datos personales (\u00abLos Datos\u00bb) solicitados, son tratados por GRUPO ASCAMP, \u00a0con la finalidad de brindarle el servicio que nos solicita, conocer sus necesidades de productos o servicios y estar en posibilidad de ofrecerle los que m\u00e1s se adecuen a sus preferencias, atender quejas y aclaraciones, y en su caso, tratarlos para fines compatibles<\/p>\n","protected":false},"author":1,"featured_media":0,"parent":0,"menu_order":0,"comment_status":"closed","ping_status":"closed","template":"","meta":[],"_links":{"self":[{"href":"http:\/\/www.grupoascamp.mx\/index\/wp-json\/wp\/v2\/pages\/233"}],"collection":[{"href":"http:\/\/www.grupoascamp.mx\/index\/wp-json\/wp\/v2\/pages"}],"about":[{"href":"http:\/\/www.grupoascamp.mx\/index\/wp-json\/wp\/v2\/types\/page"}],"author":[{"embeddable":true,"href":"http:\/\/www.grupoascamp.mx\/index\/wp-json\/wp\/v2\/users\/1"}],"replies":[{"embeddable":true,"href":"http:\/\/www.grupoascamp.mx\/index\/wp-json\/wp\/v2\/comments?post=233"}],"version-history":[{"count":3,"href":"http:\/\/www.grupoascamp.mx\/index\/wp-json\/wp\/v2\/pages\/233\/revisions"}],"predecessor-version":[{"id":237,"href":"http:\/\/www.grupoascamp.mx\/index\/wp-json\/wp\/v2\/pages\/233\/revisions\/237"}],"wp:attachment":[{"href":"http:\/\/www.grupoascamp.mx\/index\/wp-json\/wp\/v2\/media?parent=233"}],"curies":[{"name":"wp","href":"https:\/\/api.w.org\/{rel}","templated":true}]}}